{"id":16,"date":"2017-08-24T15:03:13","date_gmt":"2017-08-24T13:03:13","guid":{"rendered":"http:\/\/vonwantoch.de\/?page_id=16"},"modified":"2020-02-27T14:19:28","modified_gmt":"2020-02-27T13:19:28","slug":"startseite","status":"publish","type":"page","link":"https:\/\/vonwantoch.de\/","title":{"rendered":"Sie suchen einen Job oder m\u00f6chten sich beruflich ver\u00e4ndern?"},"content":{"rendered":"<p>Ich gebe Unterst\u00fctzung bei der inhaltlichen Gestaltung ihrer individuellen Bewerbung, die garantiert beachtet wird. Sie erfahren, wie Sie am Telefon \u00fcberzeugen und gebe Ihnen wertvolle Anregungen, wie Sie im Vorstellungsgepr\u00e4ch psychologisch und rhetorisch punkten.<\/p>\n<p>Schwerpunkte<\/p>\n<ul>\n<li>Strategische Jobsuche, Networking und Selbstpr\u00e4sentation<\/li>\n<li>Berufliche Orientierung, Zielentwicklung, Standortbestimmung<\/li>\n<li>Erkennen und Aufl\u00f6sen von Stolpersteinen<\/li>\n<\/ul>\n","protected":false},"excerpt":{"rendered":"<p>Ich gebe Unterst\u00fctzung bei der inhaltlichen Gestaltung ihrer individuellen Bewerbung, die garantiert beachtet wird. Sie erfahren, wie Sie am Telefon \u00fcberzeugen und gebe Ihnen wertvolle Anregungen, wie Sie im Vorstellungsgepr\u00e4ch psychologisch und rhetorisch punkten. Schwerpunkte Strategische Jobsuche, Networking und Selbstpr\u00e4sentation Berufliche Orientierung, Zielentwicklung, Standortbestimmung Erkennen und Aufl\u00f6sen von Stolpersteinen<\/p>\n","protected":false},"author":1,"featured_media":0,"parent":0,"menu_order":0,"comment_status":"closed","ping_status":"closed","template":"","meta":[],"_links":{"self":[{"href":"https:\/\/vonwantoch.de\/index.php\/wp-json\/wp\/v2\/pages\/16"}],"collection":[{"href":"https:\/\/vonwantoch.de\/index.php\/wp-json\/wp\/v2\/pages"}],"about":[{"href":"https:\/\/vonwantoch.de\/index.php\/wp-json\/wp\/v2\/types\/page"}],"author":[{"embeddable":true,"href":"https:\/\/vonwantoch.de\/index.php\/wp-json\/wp\/v2\/users\/1"}],"replies":[{"embeddable":true,"href":"https:\/\/vonwantoch.de\/index.php\/wp-json\/wp\/v2\/comments?post=16"}],"version-history":[{"count":7,"href":"https:\/\/vonwantoch.de\/index.php\/wp-json\/wp\/v2\/pages\/16\/revisions"}],"predecessor-version":[{"id":108,"href":"https:\/\/vonwantoch.de\/index.php\/wp-json\/wp\/v2\/pages\/16\/revisions\/108"}],"wp:attachment":[{"href":"https:\/\/vonwantoch.de\/index.php\/wp-json\/wp\/v2\/media?parent=16"}],"curies":[{"name":"wp","href":"https:\/\/api.w.org\/{rel}","templated":true}]}}